{"id":539,"date":"2025-08-20T10:15:48","date_gmt":"2025-08-20T10:15:48","guid":{"rendered":"https:\/\/espirit.com.br\/lp\/?page_id=539"},"modified":"2025-08-20T10:17:17","modified_gmt":"2025-08-20T10:17:17","slug":"sobre","status":"publish","type":"page","link":"https:\/\/espirit.com.br\/lp\/sobre\/","title":{"rendered":"Sobre"},"content":{"rendered":"\n<p><img loading=\"lazy\" decoding=\"async\" width=\"150\" height=\"150\" class=\"wp-image-540\" style=\"width: 150px;\" src=\"https:\/\/espirit.com.br\/lp\/wp-content\/uploads\/2025\/08\/marc-1.jpg\" alt=\"\" srcset=\"https:\/\/espirit.com.br\/lp\/wp-content\/uploads\/2025\/08\/marc-1.jpg 2243w, https:\/\/espirit.com.br\/lp\/wp-content\/uploads\/2025\/08\/marc-1-300x300.jpg 300w, https:\/\/espirit.com.br\/lp\/wp-content\/uploads\/2025\/08\/marc-1-1024x1024.jpg 1024w, https:\/\/espirit.com.br\/lp\/wp-content\/uploads\/2025\/08\/marc-1-150x150.jpg 150w, https:\/\/espirit.com.br\/lp\/wp-content\/uploads\/2025\/08\/marc-1-768x768.jpg 768w, https:\/\/espirit.com.br\/lp\/wp-content\/uploads\/2025\/08\/marc-1-1536x1536.jpg 1536w, https:\/\/espirit.com.br\/lp\/wp-content\/uploads\/2025\/08\/marc-1-2048x2048.jpg 2048w, https:\/\/espirit.com.br\/lp\/wp-content\/uploads\/2025\/08\/marc-1-1080x1080.jpg 1080w\" sizes=\"auto, (max-width: 150px) 100vw, 150px\" \/>MARCOS VINICIUS \u00c9<br>Gestor da <a href=\"https:\/\/espirit.com.br\">https:\/\/espirit.com.br<\/a> servi\u00e7os de inform\u00e1tica, hardware e software, host, gr\u00e1fica r\u00e1pida, artes e manual de identidade visual, r\u00f3tulos e card\u00e1pios, assistente pericial em T.I., internet e outros fins expostos em seu site.<br>\u2022 Gestor do Programa <a href=\"https:\/\/riosurbanos.com.br\">https:\/\/riosurbanos.com.br<\/a><br>\u2022 Gestor em ferramentas Google, Ads, Tagmanager, Presen\u00e7a Web e Gerenciamento de Tr\u00e1fego e Redes Sociais<br>\u2022 Analista de T.I., Organiza\u00e7\u00e3o de Eventos, Campanhas de Comunica\u00e7\u00e3o; WebMaster e Host<br>\u2022 Sound Designer, sonoplastia e produtor de eventos.<br>\u2022 Cria\u00e7\u00e3o e adapta\u00e7\u00e3o de pe\u00e7as de comunica\u00e7\u00e3o para eventos, sinaliza\u00e7\u00e3o, a\u00e7\u00f5es promocionais e campanhas publicit\u00e1rias online e offline;<br>\u2022 Cria\u00e7\u00e3o de conceitos criativos e elabora\u00e7\u00e3o de textos, Marketing de guerrilha; Conteudista para web, webmaster em Css, Html, Joomla e WordPress; Whcms, Cpanel, Dreamweaver, Office, Corel e Pacote Adobe, Cartazes, Flyers;<br>\u2022 Desenvolvimento de Marcas, Identidade Visual, folder, cart\u00f5es de visita, cria\u00e7\u00e3o e conceito de logos e storytelling;<br>\u2022 Planejamento de a\u00e7\u00f5es integradas (propaganda, promo, comunica\u00e7\u00e3o, design, m\u00eddia e marketing);<br>\u2022 Facilidade e experi\u00eancia na cria\u00e7\u00e3o de textos criativos curtos para diversos meios;<br>\u2022 Experi\u00eancia com diferentes canais e tipos de pe\u00e7as;<br>\u2022 \u00d3tima reda\u00e7\u00e3o e dom\u00ednio da l\u00edngua portuguesa e Ingl\u00eas intermedi\u00e1rio;<br>\u2022 Assessoria t\u00e9cnica para cursos e apostilas, edi\u00e7\u00e3o de revistas, jornais, livros, prepara\u00e7\u00e3o de documentos e servi\u00e7os especializados de apoio t\u00e9cnico\/administrativo;<br>\u2022 Suporte t\u00e9cnico especializado na \u00e1rea de T.I e suprimentos, formata\u00e7\u00e3o, manuten\u00e7\u00e3o, montagem, desmontagem, upgrades de computadores e notebooks, redes Windows;<br>\u2022 Especialista em Eventos e em seus equipamentos de \u00e1udio e v\u00eddeo com \u00eanfase em servi\u00e7os de organiza\u00e7\u00e3o de feiras, congressos, exposi\u00e7\u00f5es. Angaria\u00e7\u00e3o de Patroc\u00ednios para Eventos e Exposi\u00e7\u00f5es, Relat\u00f3rios aos patrocinadores e Assessoria Geral<br>HIST\u00d3RICO:<br>\u2022 Atua no setor de inform\u00e1tica desde 1996, tendo iniciado sua carreira no Minist\u00e9rio P\u00fablico do Paran\u00e1. Em 1999, na MTC Telecommunications, foi respons\u00e1vel pela implementa\u00e7\u00e3o do parque de inform\u00e1tica da empresa e cria\u00e7\u00e3o de seu primeiro website em HTML.<br>\u2022 Em 2001, fundou, com Danilo Benetta, a primeira lan house em um shopping no Brasil, a Area51, no Shopping Esta\u00e7\u00e3o, expandindo-a para outros locais.<br>\u2022 Desde 2010, atuou no DPTI do Lactec e prestou servi\u00e7os para institui\u00e7\u00f5es como ITTI\/UFPR, INMETRO\/IPEM, Paran\u00e1 Metrologia e TECPAR\/Paran\u00e1 Tecnologia e Metrologia.<br>\u2022 Em 2019, organizou o CYBERSEC, International CyberSecurity Forum na FIEP\/PR, o maior evento de ciberseguran\u00e7a do sul do pa\u00eds, em parceria com a UNILIVRE, UFPR e CDAC\/\u00cdndia.<br>\u2022 Desde 2018 \u00e9 gestor da empresa Eletronic Spirit, especializada em inform\u00e1tica, host, site, gr\u00e1fica e eventos.<br>\u2022 Tamb\u00e9m atuou junto ao TRE\/PR na formaliza\u00e7\u00e3o de partidos pol\u00edticos e no rastreamento de candidatos, utilizando sistemas como Sgipex, Candex e Filiaweb.<br>\u2022 Parte da equipe 2024 Implementa\u00e7\u00e3o e substitui\u00e7\u00e3o de todo o parque de computadores das sedes Tribunal de Justi\u00e7a do Paran\u00e1 e suas varas c\u00edveis, criminais, de fam\u00edlia, salas de audi\u00eancia, f\u00f3runs e setores administrativos.<br>\u2022 Desde 2010 \u00e9 membro permanente da Comiss\u00e3o Organizadora do Dia Mundial da \u00c1gua no Brasil.<br>\u2022 Projetou e implementou parques de TI para a rede de autope\u00e7as SRX, SAX e MRX, al\u00e9m de prestar servi\u00e7os de assistente de per\u00edcia frente a golpes virtuais.<br>\u2022 Cursa Tecnologia da Informa\u00e7\u00e3o na Universidade Anhembi\/Morumbi, Perito Forense Digital pela AFD &#8211; Academia de Forense Digital e Intelig\u00eancia Artificial na ADAPTA, contando com uma base de conhecimento robusta e uma equipe de apoio especializada.<br>EVENTOS, AUDI\u00caNCIAS P\u00daBLICAS E PALESTRAS<br>Organiza\u00e7\u00e3o geral, chamadas em blogs, sites, r\u00e1dios e TV, legaliza\u00e7\u00e3o junto aos \u00f3rg\u00e3os competentes (Bombeiros, Urbanismo, etc.), cria\u00e7\u00e3o de material \u2013 brindes, livretos, folders, panfletos, banners \u2013 gera\u00e7\u00e3o de conte\u00fado, instala\u00e7\u00e3o sistemas audiovisual, divulga\u00e7\u00e3o com promotores e distribui\u00e7\u00e3o de folders, panfletos.<br>Experi\u00eancia: REDE BRASILEIRA PARA O DESENVOLVIMENTO DA METROLOGIA, TECNOLOGIA E QUALIDADE (89 CURSOS E EVENTOS), MINIST\u00c9RIO DOS TRANSPORTES EM BRASILIA-DF, AUDI\u00caNCIA P\u00daBLICA UFPR\/ITTTI EM TIMB\u00c9\/SC (1.100 PESSOAS), EVENTO EARTHDAY \u2013 DIA MUNDIAL DO PLANETA TERRA (3.500 PESSOAS), RANCHO MATTEI MANZI (11.500 PESSOAS), DIA MUNDIAL DA \u00c1GUA 2010 &#8211; ONU (350 PESSOAS \u2013 LACTEC) \u2013 DIA MUNDIAL DA \u00c1GUA 2011 &#8211; ONU (850 PESSOAS \u2013 PARQUE BARIGUI), DIA MUNDIAL DA \u00c1GUA 2012 (550 PESSOAS &#8211; MUSEU OSCAR NIEMEYER), DIA MUNDIAL DA \u00c1GUA 2013 (120 PESSOAS &#8211; CMC), DIA MUNDIAL DA \u00c1GUA 2015 (400 PESSOAS &#8211; FIEP), DIA MUNDIAL DA \u00c1GUA 2019 (120 PESSOAS &#8211; CMC), PALESTRA PRODUTOR DE \u00c1GUA \u2013 FACULDADES DE GUARAPUAVA E PRUDENT\u00d3POLIS (200 PESSOAS), DIA DO RIO IGUA\u00c7U 2015 (800 PESSOAS \u2013 CANAL DA M\u00daSICA), DIA DO RIO IGUA\u00c7U 2016 (600 PESSOAS &#8211; PARQUE S\u00c3O JOS\u00c9 DOS PINHAIS) \u2013 SEMANA DO RIO IGUA\u00c7U 2018 (400 PESSOAS EM UNI\u00c3O DA VIT\u00d3RIA, 380 PESSOAS EM FOZ DO IGUA\u00c7U).<br>\u00c1REA EDUCACIONAL, TREINAMENTO, AN\u00c1LISES E CONSULTORIA T\u00c9CNICA EM INFORM\u00c1TICA<br>Help Desk, Suporte \u00e0 dist\u00e2ncia via Anydesk\/TeamViewer. Compra, venda, instala\u00e7\u00e3o, backup, formata\u00e7\u00e3o e remo\u00e7\u00e3o de v\u00edrus e troias, manuten\u00e7\u00e3o preventiva, montagem e configura\u00e7\u00e3o de equipamentos e redes Windows. Sites, Logotipos, Comunica\u00e7\u00e3o Visual, Consultoria de redes sociais. Experi\u00eancia: AREA51, SRX AUTOPE\u00c7AS, PARTIDOS POL\u00cdTICOS PSD, PSL E PROS, SIKORSKI AVIA\u00c7\u00c3O, VIOLANI MINERA\u00c7\u00c3O, SHOPPING ESTA\u00c7\u00c3O, S\u00caNECA SECURITIZADORA, TOTAL EMPREENDIMENTOS, GIA\/UFPR, ARMSTRONG PUBLICIDADE, ABRIGO VIRTUAL, M\u00cdDIA LIGHT, COGEP, 3CO E GPONTES, ITTI\/UFPR, REDE (INMETRO E IPEM), UNILIVRE, SRX AUTOPE\u00c7AS, JBBRAGA EVENTOS.<br>EXPERI\u00caNCIA DE TRABALHO<br>PARTIDO POL\u00cdTICOS \u2013 CADASTROS E PROTOCOLO NO TRIBUNAL SUPERIOR ELEITORAL | Consultoria \u2013 2010 &#8211; 2024<br>Concep\u00e7\u00e3o legal do PROS e PSD, reativa\u00e7\u00e3o dos quadros do PSL, PSB, opera\u00e7\u00e3o, inser\u00e7\u00e3o e edi\u00e7\u00e3o de dados pelos Sistemas SGIPEX, FILIAWEB e Candex, do Tribunal Superior Eleitoral, Configura\u00e7\u00e3o de servidor de boletos de cobran\u00e7a para fundo partid\u00e1rio. Site e Html para doa\u00e7\u00f5es. Comunica\u00e7\u00e3o visual integrada e arte final para Banners, Panfletos e Cartazes. Campanhas para o Progressistas em 2016, 2022 e 2024<br>MRX MOTORS DESMONTAGEM E AUTOPE\u00c7AS USADAS | ANALISTA DE SISTEMA CLT &#8211; 2020 &#8211; 2022<br>Respons\u00e1vel T\u00e9cnico pelo Parque tecnol\u00f3gico de PCS, servers e celulares, administra\u00e7\u00e3o do site, criador de conte\u00fado, redes sociais e whatsapp principal fazendo triagem via whatsapp e destinando ao time de vendas das lojas do grupo. Manuten\u00e7\u00e3o preventiva. Interlocu\u00e7\u00e3o com equipe externa de produ\u00e7\u00e3o de m\u00eddia televisava e radiof\u00f4nica. Conteudista digital.<br>Refer\u00eancia: (41) 3348-4060 \u2013 Marcos Ribas (propriet\u00e1rio)<br>REDE BRASILEIRA PARA O DESENV. DA METROLOGIA, TECNOLOGIA E QUALIDADE | AssIst. Adm &#8211; 2013 &#8211; 2019<br>Organiza\u00e7\u00e3o de Cursos e eventos (parcerias FIEP, SESI, IPEM, FUNDA\u00c7\u00c3O ARAUC\u00c1RIA, TECPAR e INMETRO), Respons\u00e1vel T\u00e9cnico pela Inform\u00e1tica &#8211; Software e Hardware, Webmaster, Analista de Redes Sociais. Inser\u00e7\u00e3o e edi\u00e7\u00e3o de dados pelo Sistema Joomla e WordPress. Seguran\u00e7a e contas de email\/newsletter do site. Desenvolvimento e adequa\u00e7\u00e3o do site. Readequa\u00e7\u00e3o da situa\u00e7\u00e3o de listado em BlackList da NIC e Fapesp. Assessoria em Palestras, Design de material. Desenvolvimento direto de comunica\u00e7\u00e3o de Eventos, Cursos e Programas de Ensaio de Profici\u00eancia. Arte final para Banners, Panfletos e Cartazes. Gest\u00e3o dos Eventos da REDE: SmartEnergy, Dia Mundial da \u00c1gua, Semin\u00e1rio de Sustentabilidade Territorial Urbana, Dia do Rio Igua\u00e7u, Data Science Summit, Cybersec, etc.<br>Refer\u00eancia: (41) 3362-7070 \u2013 Iramar Severiano (Diretor Superintendente)<br>INSTITUTOS LACTEC | Assistente Administrativo &#8211; 2010 &#8211; 2012<br>Assistente Administrativo II, Lotado do Depto de T.I., Estrat\u00e9gias para arregimentar clientes para P&amp;D de produtos via Lei de Incentivo \u00e0 Inform\u00e1tica do Minist\u00e9rio de Ci\u00eancia e Tecnologia. Analista de Redes Sociais, Arte final para Banners, Panfletos e Cartazes. Evento do Dia Mundial da \u00c1gua, Relat\u00f3rios de Atividades.<br>Refer\u00eancia: Luiz Malucelli Neto (ex-presidente) luizmalucelli@uol.com.br<br>AREA 51 | Gerente &#8211; 2001 &#8211; 2007<br>Gerente Geral e vendas, Administra\u00e7\u00e3o de expediente e treinamento de funcion\u00e1rios. Montagem, vendas e manuten\u00e7\u00e3o t\u00e9cnica em inform\u00e1tica e redes. Setor de negocia\u00e7\u00e3o e compras junto \u00e0 fornecedores. Venda Direta ao cliente individual e corporativo. A\u00e7\u00f5es de vendas em feiras e exposi\u00e7\u00f5es, Lojas no Shopping Esta\u00e7\u00e3o, Portal Plaza e Muffato S\u00e3o Jos\u00e9 dos Pinhais.<br>ITTI\/UFPR | Consultoria &#8211; 2010 &#8211; 2011<br>Consultoria Web em Tecnologia da Informa\u00e7\u00e3o, Webmaster, Analista de Redes Sociais e Consultoria para portal EAD em parceria com o DNIT, Consultor t\u00e9cnico do setor de inform\u00e1tica \u2013 Software e Hardware.<br>Evento Audi\u00eancia P\u00fablica em Timb\u00e9\/SC \u2013 Respons\u00e1vel pela organiza\u00e7\u00e3o geral do evento. Minist\u00e9rio dos Transportes \u2013 Apoio a organiza\u00e7\u00e3o do Evento.<br>ARMSTRONG E ABRIGO VIRTUAL | Consultoria &#8211; 2010 &#8211; 2016<br>Consultoria. Cria\u00e7\u00e3o de sites. Configura\u00e7\u00e3o de seguran\u00e7a e rotas de e-mail, formul\u00e1rios e mailing online. Comunica\u00e7\u00e3o Integrada. Arte final e desenvolvimento de logotipos e Identidade Visual. Revis\u00e3o e Formata\u00e7\u00e3o de livros, Consultoria e Analista de Redes Sociais. Arte final para publicidade. Outdoor, Letras Caixas, Back e Front Light Venda e execu\u00e7\u00e3o de obras em Comunica\u00e7\u00e3o visual.<br>MTC TELECOM | Vendas e Inform\u00e1tica &#8211; 1998 &#8211; 2001<br>Venda de sistema de Telecomunica\u00e7\u00e3o por Fibra \u00f3tica, manuten\u00e7\u00e3o de computadores, rede e design de home pages, assistente administrativo. Opera\u00e7\u00e3o via BBS, Help Desk, Confec\u00e7\u00e3o do site da Cosmos em HTML no ano de 1998<br>ELETRONIC SPIRIT | M.E.I. &#8211; 2006 &#8211; 2024<br>Implementa\u00e7\u00e3o de projetos ambientais para eventos. Consultoria em eventos: Sothis, Ganges, Cosmoon, Eletronic Spirit, etc. Cria\u00e7\u00e3o de apostilas para pr\u00e1ticas ambientais para sustentabilidade. Treinamento Educacional. Cria\u00e7\u00e3o de manuais CIPA, Revis\u00e3o e Formata\u00e7\u00e3o de livros, segundo a nova revis\u00e3o ortogr\u00e1fica. Desenvolveu a apostila digital \u201cRealizando Eventos de Grande Porte\u201d.<br>MINIST\u00c9RIO P\u00daBLICO DO PARAN\u00c1 | 1992 &#8211; 1996<br>Se\u00e7\u00e3o Judici\u00e1ria. Est\u00e1gio pela GUARDA MIRIM \u2013 Dr. Olympio de S\u00e1 Soto Maior Neto, Felix Fischer, Gilberto Giac\u00f3ia.<br>VOLUNTARIADO, CURSOS, PALESTRAS E EVENTOS<br>\u2022 Em 2022 devido ao dia do trabalhador, foi agraciado pela C\u00e2mara Municipal de Curitiba com o Pr\u00eamio Personalidades Empreendedoras Trabalhistas de Curitiba pela iniciativa Ouvidoria Digital, hoje adotada por mais de 400 munic\u00edpios.<br>\u2022 Atua\u00e7\u00e3o destacada junto ao Grupo Gestor do Rio Igua\u00e7u, liderado pelo Sr. Mario Celso Cunha, e por isso agraciado com o trof\u00e9u Amigos do Igua\u00e7u<br>\u2022 Livros: Consultoria para pesquisa, capa, artes, planilhas, gr\u00e1ficos e figuras<\/p>\n\n\n\n<ul class=\"wp-block-list\">\n<li>Revelando o Verdadeiro Aqu\u00edfero Guarani<\/li>\n\n\n\n<li>Agricultura Irrigada Sustent\u00e1vel no Brasil: Identifica\u00e7\u00e3o de \u00c1reas Priorit\u00e1rias \u2013 FAO\/ONU e CNA<\/li>\n\n\n\n<li>\u00c1gua no setor industrial da regi\u00e3o do Alto Igua\u00e7u e dos afluentes do Alto Ribeira<br>\u2022 Volunt\u00e1rio na UNILIVRE 2016 a 2020<br>\u2022 Rios Urbanos 2030, DroneNews, Ouvidoria Digital Cidad\u00e3<br>\u2022 Comiss\u00e3o Organizadora do Dia do Rio Igua\u00e7u, nos anos de 2016, 2017 e 2018<br>\u2022 Comiss\u00e3o Organizadora do CYBERSEC2019, International CyberSecurity Forum na FIEP\/PR<br>\u2022 Comiss\u00e3o Organizadora do evento oficial daONU, Dia mundial da \u00c1gua, em 2010, 2011, 2012, 2015 e 2020<br>\u2022 Comiss\u00e3o Organizadora e Consultorias para o CIEE Smart Energy 2013, 2014, 2015, 2016, 2017, 2018 e 2024<br>\u2022 Semin\u00e1rios Embalagem e Sustentabilidade, Semin\u00e1rio de Sust. Territorial Urbana pela Unilivre.<br>\u2022 Atua\u00e7\u00e3o volunt\u00e1ria no projeto \u201c\u00c1guas do Amanh\u00e3\u201d que trata da situa\u00e7\u00e3o das bacias hidrogr\u00e1ficas do Paran\u00e1 com \u00eanfase no Rio Igua\u00e7u, projeto aportado pelo HSBC, RPC, Funda\u00e7\u00e3o Roberto Marinho, Governos Federal, Estadual e Municipal, Lupaluna Ambiental e FAO.<br>\u2022 V\u00e1rios treinamentos, palestras e cursos, Microsoft Challenge, Montagem Dell\/HP, Shinobi Spirit, Marketing Door-to-Door, Redes Sociais como Ferramenta de Venda, treinando sua Mem\u00f3ria, Palestras do Sebrae e Prefeitura Municipal de Curitiba para Micro Empreendedores Individuais, Facebook Empresas, Digitalk, Instagram Business.<br>\u2022 Viva Unilivre \u2013 Revitaliza\u00e7\u00e3o do Bosque Zaninelli, com intensa programa\u00e7\u00e3o para a comunidade<br>\u2022 Unilivre Cult \u2013 Espa\u00e7o para difus\u00e3o da cultura local, semana do dia internacional da mulher<br>\u2022 E-Music nas Escolas \u2013 Projeto que leva a m\u00fasica para a sala de aula, despertando assim o interesse do aluno com o tema inserido em suas mat\u00e9rias regulares \u2013 SESI\/ODM.<br>\u2022 Eventos no Jokers Pub angariando fundos para Casa Dos Pobres S\u00e3o Jo\u00e3o Batista e ONG Amigo C\u00e3o<br>\u2022 Organizou o SOSDJS no Bar do Kareka, Esparta Eventos e 91 Rock, evento que arrecadou 3 toneladas de alimentos para as v\u00edtimas das Chuvas de Santa Catarina.<br>\u2022 Material de apoio e campanha Web para SRX Autope\u00e7as atuando pelas v\u00edtimas das chuvas no Rio Grande do Sul<\/li>\n<\/ul>\n\n\n\n<p>LIVROS QUE COLABOREI: APOIO DE PESQUISA E DIGITAL<\/p>\n\n\n\n<figure class=\"wp-block-table\"><table class=\"has-fixed-layout\"><tbody><tr><td>AGRICULTURA IRRIGAVEL SUSTENT\u00c1VEL<\/td><td>\u00c1GUA NA INDUSTRIA<\/td><td>AQUIFERO GUARANI A INTEGRA\u00c7\u00c3O DAS AGUAS<\/td><td>ALIMENTOS FUNCIONAIS NUTRACEUTICOS<\/td><\/tr><tr><td>Livro Publicado. Editora FAO 243 p.: il. ISBN: 978-92-5-709754-4<\/td><td>Livro Publicado. Editora Instituto GIA 208p.: il. ISBN: 978-85-60930-17-3<\/td><td>Livro Publicado. Editora FAO 275 p.: il. ISBN: 978-85-9111537-0-1<\/td><td>Livro ainda n\u00e3o Publicado.<\/td><\/tr><\/tbody><\/table><\/figure>\n","protected":false},"excerpt":{"rendered":"<p>MARCOS VINICIUS \u00c9Gestor da https:\/\/espirit.com.br servi\u00e7os de inform\u00e1tica, hardware e software, host, gr\u00e1fica r\u00e1pida, artes e manual de identidade visual, r\u00f3tulos e card\u00e1pios, assistente pericial em T.I., internet e outros fins expostos em seu site.\u2022 Gestor do Programa https:\/\/riosurbanos.com.br\u2022 Gestor em ferramentas Google, Ads, Tagmanager, Presen\u00e7a Web e Gerenciamento de Tr\u00e1fego e Redes Sociais\u2022 Analista&hellip; <br \/> <a class=\"read-more\" href=\"https:\/\/espirit.com.br\/lp\/sobre\/\">Leia mais<\/a><\/p>\n","protected":false},"author":1,"featured_media":540,"parent":0,"menu_order":0,"comment_status":"closed","ping_status":"closed","template":"","meta":{"footnotes":""},"class_list":["post-539","page","type-page","status-publish","has-post-thumbnail","hentry"],"_links":{"self":[{"href":"https:\/\/espirit.com.br\/lp\/wp-json\/wp\/v2\/pages\/539","targetHints":{"allow":["GET"]}}],"collection":[{"href":"https:\/\/espirit.com.br\/lp\/wp-json\/wp\/v2\/pages"}],"about":[{"href":"https:\/\/espirit.com.br\/lp\/wp-json\/wp\/v2\/types\/page"}],"author":[{"embeddable":true,"href":"https:\/\/espirit.com.br\/lp\/wp-json\/wp\/v2\/users\/1"}],"replies":[{"embeddable":true,"href":"https:\/\/espirit.com.br\/lp\/wp-json\/wp\/v2\/comments?post=539"}],"version-history":[{"count":3,"href":"https:\/\/espirit.com.br\/lp\/wp-json\/wp\/v2\/pages\/539\/revisions"}],"predecessor-version":[{"id":544,"href":"https:\/\/espirit.com.br\/lp\/wp-json\/wp\/v2\/pages\/539\/revisions\/544"}],"wp:featuredmedia":[{"embeddable":true,"href":"https:\/\/espirit.com.br\/lp\/wp-json\/wp\/v2\/media\/540"}],"wp:attachment":[{"href":"https:\/\/espirit.com.br\/lp\/wp-json\/wp\/v2\/media?parent=539"}],"curies":[{"name":"wp","href":"https:\/\/api.w.org\/{rel}","templated":true}]}}